{"id":178,"date":"2017-07-05T08:35:56","date_gmt":"2017-07-05T08:35:56","guid":{"rendered":"https:\/\/protorpedo-rijeka.hr\/?page_id=178"},"modified":"2023-01-07T22:18:59","modified_gmt":"2023-01-07T22:18:59","slug":"povijest","status":"publish","type":"page","link":"https:\/\/protorpedo-rijeka.hr\/en\/rijecka-industrijska-bastina\/povijest\/","title":{"rendered":"History"},"content":{"rendered":"[vc_row type=&#8221;full_width_content&#8221; full_screen_row_position=&#8221;middle&#8221; column_margin=&#8221;default&#8221; column_direction=&#8221;default&#8221; column_direction_tablet=&#8221;default&#8221; column_direction_phone=&#8221;default&#8221; bg_color=&#8221;#191e26&#8243; scene_position=&#8221;center&#8221; text_color=&#8221;dark&#8221; text_align=&#8221;left&#8221; row_border_radius=&#8221;none&#8221; row_border_radius_applies=&#8221;bg&#8221; overflow=&#8221;visible&#8221; overlay_strength=&#8221;0.3&#8243; gradient_direction=&#8221;left_to_right&#8221; shape_divider_position=&#8221;bottom&#8221; bg_image_animation=&#8221;none&#8221; shape_type=&#8221;&#8221; gradient_type=&#8221;default&#8221;][vc_column column_padding=&#8221;padding-8-percent&#8221; column_padding_tablet=&#8221;padding-5-percent&#8221; column_padding_phone=&#8221;inherit&#8221; column_padding_position=&#8221;left-right&#8221; column_element_direction_desktop=&#8221;default&#8221; column_element_spacing=&#8221;default&#8221; desktop_text_alignment=&#8221;default&#8221; tablet_text_alignment=&#8221;default&#8221; phone_text_alignment=&#8221;default&#8221; sticky_content=&#8221;true&#8221; sticky_content_functionality=&#8221;css&#8221; sticky_content_alignment=&#8221;middle&#8221; background_color_opacity=&#8221;1&#8243; background_hover_color_opacity=&#8221;1&#8243; column_backdrop_filter=&#8221;none&#8221; font_color=&#8221;#bab6b4&#8243; column_shadow=&#8221;none&#8221; column_border_radius=&#8221;none&#8221; column_link_target=&#8221;_self&#8221; column_position=&#8221;default&#8221; advanced_gradient_angle=&#8221;0&#8243; gradient_direction=&#8221;left_to_right&#8221; overlay_strength=&#8221;0.3&#8243; width=&#8221;1\/2&#8243; tablet_width_inherit=&#8221;default&#8221; animation_type=&#8221;default&#8221; bg_image_animation=&#8221;none&#8221; border_type=&#8221;simple&#8221; column_border_width=&#8221;none&#8221; column_border_style=&#8221;solid&#8221; gradient_type=&#8221;default&#8221; column_padding_type=&#8221;default&#8221;][divider line_type=&#8221;No Line&#8221; custom_height=&#8221;50&#8243;][split_line_heading animation_type=&#8221;line-reveal-by-space&#8221; font_style=&#8221;h2&#8243; line_reveal_by_space_text_effect=&#8221;letter-reveal-bottom&#8221; stagger_animation=&#8221;true&#8221; mobile_disable_animation=&#8221;true&#8221; content_alignment=&#8221;default&#8221; mobile_content_alignment=&#8221;inherit&#8221; link_target=&#8221;_self&#8221; text_content=&#8221;Kronologija inustrijske ba\u0161tine&#8221;][\/split_line_heading][vc_gallery type=&#8221;flickity_static_height_style&#8221; images=&#8221;263,265,266,267,272,273,276,279,280,281,282,291,287,288,289,290,292,293,294,295,297,262,264,277,278,298,299,300,301,302,303,318,317,319,321,320,322,323,324,341,344,346,348&#8243; flickity_spacing=&#8221;default&#8221; flickity_controls=&#8221;next_prev_arrows_overlaid&#8221; flickity_overflow=&#8221;visible&#8221; flickity_wrap_around=&#8221;wrap&#8221; flickity_autoplay=&#8221;true&#8221; flickity_box_shadow=&#8221;small_depth&#8221; image_loading=&#8221;default&#8221; onclick=&#8221;link_image&#8221; flickity_img_height=&#8221;400&#8243; flickity_img_small_desktop_height=&#8221;400&#8243; flickity_img_tablet_height=&#8221;400&#8243; flickity_img_mobile_height=&#8221;360&#8243;][\/vc_column][vc_column column_padding=&#8221;padding-8-percent&#8221; column_padding_tablet=&#8221;padding-5-percent&#8221; column_padding_phone=&#8221;inherit&#8221; column_padding_position=&#8221;all&#8221; column_element_direction_desktop=&#8221;default&#8221; column_element_spacing=&#8221;30px&#8221; desktop_text_alignment=&#8221;default&#8221; tablet_text_alignment=&#8221;default&#8221; phone_text_alignment=&#8221;default&#8221; background_color=&#8221;#ffffff&#8221; background_color_opacity=&#8221;1&#8243; background_hover_color_opacity=&#8221;1&#8243; column_backdrop_filter=&#8221;none&#8221; column_shadow=&#8221;none&#8221; column_border_radius=&#8221;none&#8221; column_link_target=&#8221;_self&#8221; column_position=&#8221;default&#8221; zindex=&#8221;100&#8243; advanced_gradient_angle=&#8221;0&#8243; gradient_direction=&#8221;left_to_right&#8221; overlay_strength=&#8221;0.3&#8243; width=&#8221;1\/2&#8243; tablet_width_inherit=&#8221;default&#8221; animation_type=&#8221;default&#8221; bg_image_animation=&#8221;none&#8221; border_type=&#8221;simple&#8221; column_border_width=&#8221;none&#8221; column_border_style=&#8221;solid&#8221; gradient_type=&#8221;default&#8221; column_padding_type=&#8221;default&#8221;][vc_column_text]\n<h2>1281.<\/h2>\n<p>Prva datirana vijest o Rijeci i djelovanju njene luke u Knjizi zaklju\u010daka Velikog mleta\u010dkog vije\u0107a<\/p>\n<h2>1431.<\/h2>\n<p>Temeljem darovnice kneza Martina Frankopana povjesni\u010dar Giovani Cobler zaklju\u010duje da je najstarija rije\u010dka luka bila u u\u0161\u0107u Rje\u010dine i to u predjelu dana\u0161njeg \u0160kolji\u0107a.<\/p>\n<h2>1717.<\/h2>\n<p>Karlo VI. objavio je patent o slobodnoj plovidbi i trgovini na Jadranskom moru, \u0161to je zna\u010dilo kraj prevlasti Venecije na Jadranu i razvoj habsbur\u0161kih luka i pomorstva<\/p>\n<h2>1719.<\/h2>\n<p>Car Karlo VI. proglasio je 18. o\u017eujka Rijeku i Trst slobodnim lukama<\/p>\n<p>Iste godine 27. srpnja osnovana je nova trgova\u010dka kompanija pod imenom Carska privilegirana kompanija ili Orijentalna kompanija. 1731. pada u ste\u010daj, a 1742. se potpuno gasi<\/p>\n<h2>1722.<\/h2>\n<p>po\u010dinje gradnja prvog lazareta u Rijeci &#8211; Lazareta sv. Karla, na podru\u010dju izme\u0111u Mlake i Potoka<\/p>\n<h2>1725.<\/h2>\n<p>Pripreme za izgradnju Karolinske ceste prema nacrtima in\u017e. A. M. Weissa, uz sudjelovanje in\u017e. A. Vernede.<\/p>\n<h2>1728.<\/h2>\n<p>Dovr\u0161ena i otvorena Karolinska cesta. Njome se prvi put provezao car Karlo i tom prigodom posjetio Rijeku.<\/p>\n<h2>1749.<\/h2>\n<p>Pokrenutoosnivanje\u201eGlavnogtrgova\u010dkogudru\u017eenjaTrstaiRijeke\u201c<\/p>\n<h2>1750.<\/h2>\n<p>Rafinerija \u0161e\u0107era u Rijeci proizvodila \u0161e\u0107er na industrijski na\u010din od 1750. do \u00a01828.<\/p>\n<h2>1750.<\/h2>\n<p>Marija Terezija potpisala 1. listopada dekret o privilegijama rije\u010dkoj rafineriji \u0161e\u0107era, koja je bila u vlasni\u0161tvu Dioni\u010dkog dru\u0161tva \u201eUrban i Arnold i dr.\u201c iz Antwerpena.<\/p>\n<h2>1750.<\/h2>\n<p>Potres u Rijeci i okolici o\u0161tetio Grad u velikoj mjeri 1751. Drugi veliki potres u Rijeci<\/p>\n<h2>1753.<\/h2>\n<p>Zamjena prvog mosta pokretnim mostom da bi brodovi du\u017ee plovili Rje\u010dinom. 1754. Izgra\u0111en industrijski kompleks Rafinerije \u0161e\u0107era<\/p>\n<h2>1755.<\/h2>\n<p>Donesen je urbanisti\u010dki plan razvoja Novog grada (Civitas nova) na obali pred gradskim zidinama.<\/p>\n<h2>1775.<\/h2>\n<p>Stupa na snagu odluka da se gradska vrata vi\u0161e ne zatvaraju , te su uklonjena, pa je komunikacija postala slobodna. Lokot s tih vrata \u010duva se u Pomorskom i povijesnom muzeju.<\/p>\n<h2>1779.<\/h2>\n<p>Dovr\u0161enaizgradnjaJozefinskeceste,druge cestekojajepovezivalaKarlovacsaSenjom i Rijekom, budu\u0107i da se Karolinska cesta pokazale preuskom i brdovitom<\/p>\n<h2>1779.<\/h2>\n<p>URijecijeosnovanaTrgovinska komora<\/p>\n<h2>1782.<\/h2>\n<p>Po\u010detak gradnje Upravne zgrade Rafinerije \u0161e\u0107era (biv\u0161a Tvornica \u201eRikard Ben\u010di\u0107\u201c)<\/p>\n<h2>1784.<\/h2>\n<p>U Upravnoj zgradi Rafinerije \u0161e\u0107era dovr\u0161ene dekoracije salona 1786. Dovr\u0161ena Upravna zgrada Rafinerije \u0161e\u0107era<\/p>\n<h2>1803.<\/h2>\n<p>Po\u010dela izgradnja Lujzinske ceste, tre\u0107e koja je spajala Rijeku s Karlovcem nakon Karoline i Jozefine.<\/p>\n<h2>1806.<\/h2>\n<p>Ugra\u0111en put prema Mlinovima preko \u0160kolji\u0107a, koji je presjekao predio Luke na dva dijela; njime se prometovalo do 1823. godine<\/p>\n<h2>1812.<\/h2>\n<p>Za vrijeme francuskog re\u017eima prestala je djelatnost Lazareta sv. Karla u Rijeci. Brodovi su radi karantene od 1812. do 1833. upu\u0107ivani u Kraljevicu.<\/p>\n<h2>1820.<\/h2>\n<p>Su\u0161ak ima 27 ku\u0107a i 229 stanovnika<\/p>\n<h2>1821.<\/h2>\n<p>Kapetansko vije\u0107e odlu\u010dilo da se za 10 000 fiorina otkupi zgrada biv\u0161e Tvornice voska i vrt do nje za Bolnicu sv. Duha.<\/p>\n<h2>1821.<\/h2>\n<p>Ljudevit Andrija Adami\u0107 pokrenuo je proizvodnju u Tvornici papira na Rje\u010dini, koju su kasnije preuzeli Walter Crofton Smith i Charles Meynier.<\/p>\n<h2>1833.<\/h2>\n<p>Izme\u0111u Piramide i Martin\u0161\u0107ice izgra\u0111ena cesta Dorothea nazvana po Mariji Dorothei, supruzi nadvojvode Josipa.<\/p>\n<h2>1833.<\/h2>\n<p>otvoren Lazaret sv. Franje u Martin\u0161\u0107ici<\/p>\n<h2>1839.<\/h2>\n<p>Rije\u010dki trgovac Antonio Matessich dobio je dozvolu sagraditi jedan mlin u \u017daklju.<\/p>\n<h2>1843.<\/h2>\n<p>Grad Rijeka povjerava in\u017eenjeru Carlu Wallonu trasiranje \u017eeljezni\u010dke pruge izme\u0107u Rijeke, Karlovca i Siska. Za izgradnju pruge predvi\u0111a se organizirati akcionarsko dru\u0161tvo.<\/p>\n<h2>1844.<\/h2>\n<p>Zapo\u010dela je redovna vo\u017enja po\u0161tanske dili\u017eanse izme\u0111u Rijeke i Zagreba. Putnici su mogli putovati dva puta tjedno, a putovanje je trajalo 27 sati.<\/p>\n<h2>1846.<\/h2>\n<p>Gradsko Vije\u0107e je donijelo odluku da umjesto radova na regulaciji toka Rje\u010dine sagradi novu luku ispred gradskog tornja. Sagradio bi se novi gat koji bi bio za\u0161ti\u0107en lukobranom s valobranom.<\/p>\n<h2>1846.<\/h2>\n<p>Gradsko Vije\u0107e odlu\u010duje pove\u0107ati izdatke za izgradnju luke, produ\u017eiti postoje\u0107i gat i sagraditi novi molo sa santorinskim cementom.<\/p>\n<h2>1846.<\/h2>\n<p>UVeronijero\u0111enAnnibale Ploech,velikidioni\u010dar rije\u010dkeTvornice torpeda.<\/p>\n<h2>1850.<\/h2>\n<p>Rije\u010dko akcionarsko dru\u0161tvo uvodi osvjetljenje grada plinom.<\/p>\n<h2>1851.<\/h2>\n<p>zapo\u010dinje radom \u201cTvornica kemijskih proizvoda\u201d (Stabilimento prodotti Chimici in Fiume). Locirana je u zapadnom dijelu grada, na Cernikovici. Osniva\u010di su Walter Crofton Smith, Archile Francic, Smith e Meynier, F.Jackvile Thomson, Federico Thierry, Francesco Thierry, Giorgio Edoardo Schmith, Pietro Scarpa, Enrico Meynier, Walter Glennie Schmith.<\/p>\n<h2>1852.<\/h2>\n<p>osnovana \u201cPrivilegirana tvornica platna za jedra\u201d (Privilegiata fabbrica tele da vela), vlasnici koje su Tomaso Gelcich, Michele Ghiashich i Francesco Gelcich.<\/p>\n<h2>1855.<\/h2>\n<p>Podignut \u017eeljezni most preko Rje\u010dine<\/p>\n<h2>1855.<\/h2>\n<p>Nadvojvoda Maksimilijan 26. o\u017eujka postavio kamen temeljac za Vojno-pomorsku akademiju u Rijeci, gradnja zapo\u010dela 22. svibnja, a zavr\u0161ila 3. listopada 1857.<\/p>\n<h2>1856.<\/h2>\n<p>Na Brajdi po\u010dela gradnja Komunalne vojarne na lokalitetu Raspelo, dovr\u0161ena \u00a01858.<\/p>\n<h2>1856.<\/h2>\n<p>Gat uz lijevu obalu Rje\u010dine produ\u017een uz more, zaokrenut prema zapadu.<\/p>\n<h2>1866.<\/h2>\n<p>Ugra\u0111ena prva lu\u010dka obalna dizalica s parnim pogonom 1868. Rijeka postala corpus separatum Krune sv. Stjepana<\/p>\n<h2>1868.<\/h2>\n<p>Po\u010delo zatrpavanje obale od \u017dabice prema zapadu. Uklonjena utvrdica (fortezza) na \u017dabici<\/p>\n<h2>1868.<\/h2>\n<p>Potpisana Hrvatsko-ugarska nagodba, Rijeka je kao corpus separatum pripala pod izravnu upravu Ma\u0111arske ( Rije\u010dka krpica)<\/p>\n<h2>1869.<\/h2>\n<p>Prijateljska nagodba izme\u0111u \u010detvorice dioni\u010dara rije\u010dke Tvornice torpeda &#8211; R. Whiteheada, G. Luppisa, G. Ciotte i A. Ploecha.<\/p>\n<h2>1871.<\/h2>\n<p>Po\u010detak izgradnje Su\u0161a\u010dke luke<\/p>\n<h2>1872.<\/h2>\n<p>Gradnja prve rije\u010dke plinare prema projektu arhitekta Ignazija Rossija.<\/p>\n<p>Izgradnja \u017eeljezni\u010dke pruge Sv. Petar- Rijeka, otvorena 24. lipnja i Dr\u017eavne \u017eeljeznice Karlovac Rijeka, otvorene 23 listopada.<\/p>\n<h2>1873.<\/h2>\n<p>Robert Whitehead utemeljio Tehni\u010dko poduze\u0107e (Stabilimento Tecnico Fiumano)<\/p>\n<h2>1881.<\/h2>\n<p>Otvorena Lju\u0161tionica ri\u017ee (Pilatura di Riso). Za njen je razvoj zaslu\u017ean Luigi Ossoinack. Zapo\u0161ljavala je 500 radnika, a proizvodila 2500 kvintala ri\u017ee dnevno. Sirovina je dolazila iz Indije, Japana i Kine.<\/p>\n<h2>1882.<\/h2>\n<p>Po projektu arh. Mate Glavana izgra\u0111ena je zgrada Lju\u0161tionice ri\u017ee, zvana pu\u010dki Ri\u017eerija.<\/p>\n<h2>1882.<\/h2>\n<p>Po\u010dela raditi Rafinerija nafte u Rijeci 1882. Rijeka dobila modernu kanalizaciju<\/p>\n<h2>1883.<\/h2>\n<p>Gra\u0111ena Rafinerija nafte po projektu arhitekta Mate Glavana po\u010dinje s radom. Za njene potrebe je izgra\u0111ena i zasebna, zatvorena Petrolejska luka<\/p>\n<h2>1885.<\/h2>\n<p>U Rije\u010dkom Komunalnom kazali\u0161tu uvedena elektri\u010dna rasvjeta<\/p>\n<h2>1889.<\/h2>\n<p>Po\u010dela gradnja rije\u010dkog \u017eeljezni\u010dkog kolodvora po projektu Ferenza Pfaffa<\/p>\n<h2>1890.<\/h2>\n<p>Po\u010dinje gradnja su\u0161a\u010dke luke (Luka Baross)<\/p>\n<h2>1891.<\/h2>\n<p>s novosagra\u0111enog rije\u010dkog kolodvora krenuo prvi vlak u pravcu \u00a0\u00a0\u00a0\u00a0\u00a0\u00a0\u00a0\u00a0\u00a0\u00a0Pivke.<\/p>\n<h2>1894.<\/h2>\n<p>Zavr\u0161ena gradnja Luke Baross<\/p>\n<h2>1910.<\/h2>\n<p>Postavljena u luku prva dizalica s elektri\u010dnim pogonom, s portalnim postoljem kojim se mogla micati po tra\u010dnicama du\u017e obale. Dizalica je proizvedena u Ma\u0111arskoj. Do Drugog svjetskog rata u rije\u010dkoj luci bilo je 39 elektri\u010dnih dizalica.<\/p>\n<h2>1924.<\/h2>\n<p>Potpisan Rimski pakt 27. sije\u010dnja. Rijeka je pripala Kraljevini Italiji, a luka Baro\u0161 i Delta tada\u0161njoj jugoslavenskoj dr\u017eavi.<\/p>\n<h2>1926.<\/h2>\n<p>NaRje\u010dini31.prosinca pu\u0161tenjeuprometnovipograni\u010dnimost<\/p>\n<h2>1938.<\/h2>\n<p>Dr. Enea Perugini projektirao Upravnu zgradu Rafinerije nafte ROMSA-e u Rijeci<\/p>\n<h2>1940.<\/h2>\n<p>Dana 17. o\u017eujka otvorena je upravna zgrada rije\u010dke Rafinerije nafte, tada\u0161nje ROMSA-e i radni\u010dkog naselja Rafinerije.<\/p>\n<h2>1947.<\/h2>\n<p>Rijeka vra\u0107ena Jugoslaviji mirovnim sporazumom u Parizu 10. velja\u010de. Prvi put u Rijeci kupljena i primijenjena \u010detiri vili\u010dara nosivosti mase 4 500 kg.<\/p>\n<h2>1974.<\/h2>\n<p>Na Koblerovom trgu postavljena spomen- fontana u povodu 150- godi\u0161njice Tvornice papira (projektant Igor Emili)<\/p>\n<h2>1989.<\/h2>\n<p>sa \u017eeljezni\u010dke postaje Brajdica krenuo prvi kontejnerski vlak Rijeka- Budimpe\u0161ta. Prekrcano je 6 417 645 tona tereta.<\/p>\n<h2>1991.<\/h2>\n<p>Stvaranjem samostalne neovisne Republike Hrvatske , rije\u010dka luka postaje vode\u0107a hrvatska luka<\/p>\n<h2>1996.<\/h2>\n<p>Vlada Republike Hrvatske na sjednici 23. svibnja donijela je odluku o osnivanju Lu\u010dke uprave Rijeka.<\/p>\n<h2>1997.<\/h2>\n<p>temeljem Odluke o davanju suglasnosti Vlade Republike Hrvatske, osnovana je Slobodna zona luke Rijeka, \u010diji je osniva\u010d i upravlja\u010d Lu\u010dka uprava Rijeka. Zona obuhva\u0107a kopneni i morski dio lu\u010dkog podru\u010dja luke Rijeka, a sastoji se od tri teritorijalna dijela: Lu\u010dki bazen Rijeka s kontejnerskim terminalom, Skladi\u0161ni kompleks \u0160krljevo i Lu\u010dki bazen Ra\u0161a[\/vc_column_text][\/vc_column][\/vc_row]\n","protected":false},"excerpt":{"rendered":"<p>[vc_row type=&#8221;full_width_content&#8221; full_screen_row_position=&#8221;middle&#8221; column_margin=&#8221;default&#8221; column_direction=&#8221;default&#8221; column_direction_tablet=&#8221;default&#8221; column_direction_phone=&#8221;default&#8221; bg_color=&#8221;#191e26&#8243; scene_position=&#8221;center&#8221; text_color=&#8221;dark&#8221; text_align=&#8221;left&#8221; row_border_radius=&#8221;none&#8221; row_border_radius_applies=&#8221;bg&#8221; overflow=&#8221;visible&#8221; overlay_strength=&#8221;0.3&#8243;&#8230;<\/p>\n","protected":false},"author":1,"featured_media":0,"parent":176,"menu_order":0,"comment_status":"closed","ping_status":"closed","template":"","meta":{"footnotes":""},"class_list":["post-178","page","type-page","status-publish"],"yoast_head":"<!-- This site is optimized with the Yoast SEO plugin v27.4 - https:\/\/yoast.com\/product\/yoast-seo-wordpress\/ -->\n<title>History - Pro Torpedo<\/title>\n<meta name=\"robots\" content=\"index, follow, max-snippet:-1, max-image-preview:large, max-video-preview:-1\" \/>\n<link rel=\"canonical\" href=\"https:\/\/protorpedo-rijeka.hr\/rijecka-industrijska-bastina\/povijest\/\" \/>\n<meta property=\"og:locale\" content=\"en_US\" \/>\n<meta property=\"og:type\" content=\"article\" \/>\n<meta property=\"og:title\" content=\"[:hr]Povijest[:en]History[:] - Pro Torpedo\" \/>\n<meta property=\"og:description\" content=\"[vc_row type=&#8221;full_width_content&#8221; full_screen_row_position=&#8221;middle&#8221; column_margin=&#8221;default&#8221; column_direction=&#8221;default&#8221; column_direction_tablet=&#8221;default&#8221; column_direction_phone=&#8221;default&#8221; bg_color=&#8221;#191e26&#8243; scene_position=&#8221;center&#8221; text_color=&#8221;dark&#8221; text_align=&#8221;left&#8221; row_border_radius=&#8221;none&#8221; row_border_radius_applies=&#8221;bg&#8221; overflow=&#8221;visible&#8221; overlay_strength=&#8221;0.3&#8243;...\" \/>\n<meta property=\"og:url\" content=\"https:\/\/protorpedo-rijeka.hr\/rijecka-industrijska-bastina\/povijest\/\" \/>\n<meta property=\"og:site_name\" content=\"Pro Torpedo\" \/>\n<meta property=\"article:modified_time\" content=\"2023-01-07T22:18:59+00:00\" \/>\n<meta name=\"twitter:card\" content=\"summary_large_image\" \/>\n<meta name=\"twitter:label1\" content=\"Est. reading time\" \/>\n\t<meta name=\"twitter:data1\" content=\"8 minutes\" \/>\n<script type=\"application\/ld+json\" class=\"yoast-schema-graph\">{\"@context\":\"https:\\\/\\\/schema.org\",\"@graph\":[{\"@type\":\"WebPage\",\"@id\":\"https:\\\/\\\/protorpedo-rijeka.hr\\\/rijecka-industrijska-bastina\\\/povijest\\\/\",\"url\":\"https:\\\/\\\/protorpedo-rijeka.hr\\\/rijecka-industrijska-bastina\\\/povijest\\\/\",\"name\":\"[:hr]Povijest[:en]History[:] - Pro Torpedo\",\"isPartOf\":{\"@id\":\"https:\\\/\\\/protorpedo-rijeka.hr\\\/#website\"},\"datePublished\":\"2017-07-05T08:35:56+00:00\",\"dateModified\":\"2023-01-07T22:18:59+00:00\",\"breadcrumb\":{\"@id\":\"https:\\\/\\\/protorpedo-rijeka.hr\\\/rijecka-industrijska-bastina\\\/povijest\\\/#breadcrumb\"},\"inLanguage\":\"en-US\",\"potentialAction\":[{\"@type\":\"ReadAction\",\"target\":[\"https:\\\/\\\/protorpedo-rijeka.hr\\\/rijecka-industrijska-bastina\\\/povijest\\\/\"]}]},{\"@type\":\"BreadcrumbList\",\"@id\":\"https:\\\/\\\/protorpedo-rijeka.hr\\\/rijecka-industrijska-bastina\\\/povijest\\\/#breadcrumb\",\"itemListElement\":[{\"@type\":\"ListItem\",\"position\":1,\"name\":\"Home\",\"item\":\"https:\\\/\\\/protorpedo-rijeka.hr\\\/\"},{\"@type\":\"ListItem\",\"position\":2,\"name\":\"Rije\u010dka industrijska ba\u0161tina\",\"item\":\"https:\\\/\\\/protorpedo-rijeka.hr\\\/rijecka-industrijska-bastina\\\/\"},{\"@type\":\"ListItem\",\"position\":3,\"name\":\"Povijest\"}]},{\"@type\":\"WebSite\",\"@id\":\"https:\\\/\\\/protorpedo-rijeka.hr\\\/#website\",\"url\":\"https:\\\/\\\/protorpedo-rijeka.hr\\\/\",\"name\":\"Pro Torpedo\",\"description\":\"Udruga za za\u0161titu i promociju rije\u010dke industrijske ba\u0161tine\",\"publisher\":{\"@id\":\"https:\\\/\\\/protorpedo-rijeka.hr\\\/#organization\"},\"potentialAction\":[{\"@type\":\"SearchAction\",\"target\":{\"@type\":\"EntryPoint\",\"urlTemplate\":\"https:\\\/\\\/protorpedo-rijeka.hr\\\/?s={search_term_string}\"},\"query-input\":{\"@type\":\"PropertyValueSpecification\",\"valueRequired\":true,\"valueName\":\"search_term_string\"}}],\"inLanguage\":\"en-US\"},{\"@type\":\"Organization\",\"@id\":\"https:\\\/\\\/protorpedo-rijeka.hr\\\/#organization\",\"name\":\"Pro Torpedo\",\"url\":\"https:\\\/\\\/protorpedo-rijeka.hr\\\/\",\"logo\":{\"@type\":\"ImageObject\",\"inLanguage\":\"en-US\",\"@id\":\"https:\\\/\\\/protorpedo-rijeka.hr\\\/#\\\/schema\\\/logo\\\/image\\\/\",\"url\":\"https:\\\/\\\/protorpedo-rijeka.hr\\\/wp-content\\\/uploads\\\/2023\\\/01\\\/Pro-Torpedo-logo-v5-4@2x.png\",\"contentUrl\":\"https:\\\/\\\/protorpedo-rijeka.hr\\\/wp-content\\\/uploads\\\/2023\\\/01\\\/Pro-Torpedo-logo-v5-4@2x.png\",\"width\":783,\"height\":181,\"caption\":\"Pro Torpedo\"},\"image\":{\"@id\":\"https:\\\/\\\/protorpedo-rijeka.hr\\\/#\\\/schema\\\/logo\\\/image\\\/\"}}]}<\/script>\n<!-- \/ Yoast SEO plugin. -->","yoast_head_json":{"title":"[:hr]Povijest[:en]History[:] - Pro Torpedo","robots":{"index":"index","follow":"follow","max-snippet":"max-snippet:-1","max-image-preview":"max-image-preview:large","max-video-preview":"max-video-preview:-1"},"canonical":"https:\/\/protorpedo-rijeka.hr\/rijecka-industrijska-bastina\/povijest\/","og_locale":"en_US","og_type":"article","og_title":"[:hr]Povijest[:en]History[:] - Pro Torpedo","og_description":"[vc_row type=&#8221;full_width_content&#8221; full_screen_row_position=&#8221;middle&#8221; column_margin=&#8221;default&#8221; column_direction=&#8221;default&#8221; column_direction_tablet=&#8221;default&#8221; column_direction_phone=&#8221;default&#8221; bg_color=&#8221;#191e26&#8243; scene_position=&#8221;center&#8221; text_color=&#8221;dark&#8221; text_align=&#8221;left&#8221; row_border_radius=&#8221;none&#8221; row_border_radius_applies=&#8221;bg&#8221; overflow=&#8221;visible&#8221; overlay_strength=&#8221;0.3&#8243;...","og_url":"https:\/\/protorpedo-rijeka.hr\/rijecka-industrijska-bastina\/povijest\/","og_site_name":"Pro Torpedo","article_modified_time":"2023-01-07T22:18:59+00:00","twitter_card":"summary_large_image","twitter_misc":{"Est. reading time":"8 minutes"},"schema":{"@context":"https:\/\/schema.org","@graph":[{"@type":"WebPage","@id":"https:\/\/protorpedo-rijeka.hr\/rijecka-industrijska-bastina\/povijest\/","url":"https:\/\/protorpedo-rijeka.hr\/rijecka-industrijska-bastina\/povijest\/","name":"[:hr]Povijest[:en]History[:] - Pro Torpedo","isPartOf":{"@id":"https:\/\/protorpedo-rijeka.hr\/#website"},"datePublished":"2017-07-05T08:35:56+00:00","dateModified":"2023-01-07T22:18:59+00:00","breadcrumb":{"@id":"https:\/\/protorpedo-rijeka.hr\/rijecka-industrijska-bastina\/povijest\/#breadcrumb"},"inLanguage":"en-US","potentialAction":[{"@type":"ReadAction","target":["https:\/\/protorpedo-rijeka.hr\/rijecka-industrijska-bastina\/povijest\/"]}]},{"@type":"BreadcrumbList","@id":"https:\/\/protorpedo-rijeka.hr\/rijecka-industrijska-bastina\/povijest\/#breadcrumb","itemListElement":[{"@type":"ListItem","position":1,"name":"Home","item":"https:\/\/protorpedo-rijeka.hr\/"},{"@type":"ListItem","position":2,"name":"Rije\u010dka industrijska ba\u0161tina","item":"https:\/\/protorpedo-rijeka.hr\/rijecka-industrijska-bastina\/"},{"@type":"ListItem","position":3,"name":"Povijest"}]},{"@type":"WebSite","@id":"https:\/\/protorpedo-rijeka.hr\/#website","url":"https:\/\/protorpedo-rijeka.hr\/","name":"Pro Torpedo","description":"Udruga za za\u0161titu i promociju rije\u010dke industrijske ba\u0161tine","publisher":{"@id":"https:\/\/protorpedo-rijeka.hr\/#organization"},"potentialAction":[{"@type":"SearchAction","target":{"@type":"EntryPoint","urlTemplate":"https:\/\/protorpedo-rijeka.hr\/?s={search_term_string}"},"query-input":{"@type":"PropertyValueSpecification","valueRequired":true,"valueName":"search_term_string"}}],"inLanguage":"en-US"},{"@type":"Organization","@id":"https:\/\/protorpedo-rijeka.hr\/#organization","name":"Pro Torpedo","url":"https:\/\/protorpedo-rijeka.hr\/","logo":{"@type":"ImageObject","inLanguage":"en-US","@id":"https:\/\/protorpedo-rijeka.hr\/#\/schema\/logo\/image\/","url":"https:\/\/protorpedo-rijeka.hr\/wp-content\/uploads\/2023\/01\/Pro-Torpedo-logo-v5-4@2x.png","contentUrl":"https:\/\/protorpedo-rijeka.hr\/wp-content\/uploads\/2023\/01\/Pro-Torpedo-logo-v5-4@2x.png","width":783,"height":181,"caption":"Pro Torpedo"},"image":{"@id":"https:\/\/protorpedo-rijeka.hr\/#\/schema\/logo\/image\/"}}]}},"_links":{"self":[{"href":"https:\/\/protorpedo-rijeka.hr\/en\/wp-json\/wp\/v2\/pages\/178","targetHints":{"allow":["GET"]}}],"collection":[{"href":"https:\/\/protorpedo-rijeka.hr\/en\/wp-json\/wp\/v2\/pages"}],"about":[{"href":"https:\/\/protorpedo-rijeka.hr\/en\/wp-json\/wp\/v2\/types\/page"}],"author":[{"embeddable":true,"href":"https:\/\/protorpedo-rijeka.hr\/en\/wp-json\/wp\/v2\/users\/1"}],"replies":[{"embeddable":true,"href":"https:\/\/protorpedo-rijeka.hr\/en\/wp-json\/wp\/v2\/comments?post=178"}],"version-history":[{"count":1,"href":"https:\/\/protorpedo-rijeka.hr\/en\/wp-json\/wp\/v2\/pages\/178\/revisions"}],"predecessor-version":[{"id":765,"href":"https:\/\/protorpedo-rijeka.hr\/en\/wp-json\/wp\/v2\/pages\/178\/revisions\/765"}],"up":[{"embeddable":true,"href":"https:\/\/protorpedo-rijeka.hr\/en\/wp-json\/wp\/v2\/pages\/176"}],"wp:attachment":[{"href":"https:\/\/protorpedo-rijeka.hr\/en\/wp-json\/wp\/v2\/media?parent=178"}],"curies":[{"name":"wp","href":"https:\/\/api.w.org\/{rel}","templated":true}]}}