{"id":41,"date":"2015-11-09T11:10:02","date_gmt":"2015-11-09T11:10:02","guid":{"rendered":"https:\/\/protorpedo-rijeka.hr\/?page_id=41"},"modified":"2023-02-28T12:12:20","modified_gmt":"2023-02-28T12:12:20","slug":"kontakt","status":"publish","type":"page","link":"https:\/\/protorpedo-rijeka.hr\/en\/kontakt\/","title":{"rendered":"Contact"},"content":{"rendered":"[vc_row type=&#8221;full_width_background&#8221; full_screen_row_position=&#8221;middle&#8221; column_margin=&#8221;default&#8221; column_direction=&#8221;default&#8221; column_direction_tablet=&#8221;default&#8221; column_direction_phone=&#8221;default&#8221; bg_color=&#8221;#153941&#8243; scene_position=&#8221;center&#8221; top_padding=&#8221;14%&#8221; bottom_padding=&#8221;10%&#8221; top_padding_tablet=&#8221;100&#8243; constrain_group_3=&#8221;yes&#8221; bottom_padding_tablet=&#8221;100&#8243; top_padding_phone=&#8221;80&#8243; constrain_group_5=&#8221;yes&#8221; bottom_padding_phone=&#8221;80&#8243; text_color=&#8221;light&#8221; text_align=&#8221;left&#8221; row_border_radius=&#8221;none&#8221; row_border_radius_applies=&#8221;bg&#8221; overflow=&#8221;visible&#8221; overlay_strength=&#8221;0.3&#8243; gradient_direction=&#8221;left_to_right&#8221; shape_divider_position=&#8221;bottom&#8221; bg_image_animation=&#8221;none&#8221; gradient_type=&#8221;default&#8221; shape_type=&#8221;&#8221;][vc_column column_padding=&#8221;no-extra-padding&#8221; column_padding_tablet=&#8221;inherit&#8221; column_padding_phone=&#8221;inherit&#8221; column_padding_position=&#8221;all&#8221; column_element_direction_desktop=&#8221;default&#8221; column_element_spacing=&#8221;default&#8221; desktop_text_alignment=&#8221;default&#8221; tablet_text_alignment=&#8221;default&#8221; phone_text_alignment=&#8221;default&#8221; background_color_opacity=&#8221;1&#8243; background_hover_color_opacity=&#8221;1&#8243; column_backdrop_filter=&#8221;none&#8221; column_shadow=&#8221;none&#8221; column_border_radius=&#8221;none&#8221; column_link_target=&#8221;_self&#8221; column_position=&#8221;default&#8221; gradient_direction=&#8221;left_to_right&#8221; overlay_strength=&#8221;0.3&#8243; width=&#8221;1\/2&#8243; tablet_width_inherit=&#8221;default&#8221; animation_type=&#8221;default&#8221; bg_image_animation=&#8221;none&#8221; border_type=&#8221;simple&#8221; column_border_width=&#8221;none&#8221; column_border_style=&#8221;solid&#8221;][vc_custom_heading text=&#8221;Kontakt&#8221; font_container=&#8221;tag:h1|font_size:6vw|text_align:left|color:%23d5d7d5&#8243; use_theme_fonts=&#8221;yes&#8221;][divider line_type=&#8221;No Line&#8221; custom_height=&#8221;36&#8243;]<div class=\"iwithtext\"><div class=\"iwt-icon\"> <i class=\"icon-default-style linecon-icon-mail extra-color-3\"><\/i> <\/div><div class=\"iwt-text\"> <span style=\"color: #d5d7d5;\"><a style=\"color: #d5d7d5;\" href=\"mailto:secretary.protorpedoconference@gmail.com\" target=\"_blank\" rel=\"noopener\">secretary.protorpedoconference@gmail.com<\/a><\/span> <\/div><div class=\"clear\"><\/div><\/div>[\/vc_column][vc_column column_padding=&#8221;no-extra-padding&#8221; column_padding_tablet=&#8221;inherit&#8221; column_padding_phone=&#8221;inherit&#8221; column_padding_position=&#8221;all&#8221; column_element_direction_desktop=&#8221;default&#8221; column_element_spacing=&#8221;default&#8221; desktop_text_alignment=&#8221;default&#8221; tablet_text_alignment=&#8221;default&#8221; phone_text_alignment=&#8221;default&#8221; background_color_opacity=&#8221;1&#8243; background_hover_color_opacity=&#8221;1&#8243; column_backdrop_filter=&#8221;none&#8221; column_shadow=&#8221;none&#8221; column_border_radius=&#8221;none&#8221; column_link_target=&#8221;_self&#8221; column_position=&#8221;default&#8221; gradient_direction=&#8221;left_to_right&#8221; overlay_strength=&#8221;0.3&#8243; width=&#8221;1\/2&#8243; tablet_width_inherit=&#8221;default&#8221; animation_type=&#8221;default&#8221; bg_image_animation=&#8221;none&#8221; border_type=&#8221;simple&#8221; column_border_width=&#8221;none&#8221; column_border_style=&#8221;solid&#8221;][vc_custom_heading text=&#8221;Po\u0161alji poruku:&#8221; font_container=&#8221;tag:h4|text_align:left|color:%23d5d7d5&#8243; use_theme_fonts=&#8221;yes&#8221;][divider line_type=&#8221;No Line&#8221; custom_height=&#8221;36&#8243;]\n<div class=\"wpcf7 no-js\" id=\"wpcf7-f545-o1\" lang=\"en-US\" dir=\"ltr\" data-wpcf7-id=\"545\">\n<div class=\"screen-reader-response\"><p role=\"status\" aria-live=\"polite\" aria-atomic=\"true\"><\/p> <ul><\/ul><\/div>\n<form action=\"\/en\/wp-json\/wp\/v2\/pages\/41#wpcf7-f545-o1\" method=\"post\" class=\"wpcf7-form init\" aria-label=\"Contact form\" novalidate=\"novalidate\" data-status=\"init\">\n<fieldset class=\"hidden-fields-container\"><input type=\"hidden\" name=\"_wpcf7\" value=\"545\" \/><input type=\"hidden\" name=\"_wpcf7_version\" value=\"6.1.5\" \/><input type=\"hidden\" name=\"_wpcf7_locale\" value=\"en_US\" \/><input type=\"hidden\" name=\"_wpcf7_unit_tag\" value=\"wpcf7-f545-o1\" \/><input type=\"hidden\" name=\"_wpcf7_container_post\" value=\"0\" \/><input type=\"hidden\" name=\"_wpcf7_posted_data_hash\" value=\"\" \/><input type=\"hidden\" name=\"_wpcf7_recaptcha_response\" value=\"\" \/>\n<\/fieldset>\n<p><span class=\"wpcf7-form-control-wrap\" data-name=\"your-name\"><input size=\"40\" maxlength=\"400\" class=\"wpcf7-form-control wpcf7-text wpcf7-validates-as-required\" aria-required=\"true\" aria-invalid=\"false\" placeholder=\"Ime i prezime\" value=\"\" type=\"text\" name=\"your-name\" \/><\/span>\n<\/p>\n<p><span class=\"wpcf7-form-control-wrap\" data-name=\"your-email\"><input size=\"40\" maxlength=\"400\" class=\"wpcf7-form-control wpcf7-email wpcf7-validates-as-required wpcf7-text wpcf7-validates-as-email\" aria-required=\"true\" aria-invalid=\"false\" placeholder=\"Email\" value=\"\" type=\"email\" name=\"your-email\" \/><\/span>\n<\/p>\n<p><span class=\"wpcf7-form-control-wrap\" data-name=\"your-message\"><textarea cols=\"40\" rows=\"10\" maxlength=\"2000\" class=\"wpcf7-form-control wpcf7-textarea\" aria-invalid=\"false\" placeholder=\"Poruka\" name=\"your-message\"><\/textarea><\/span>\n<\/p>\n<p><input class=\"wpcf7-form-control wpcf7-submit has-spinner\" type=\"submit\" value=\"Po\u0161alji\" \/>\n<\/p><div class=\"wpcf7-response-output\" aria-hidden=\"true\"><\/div>\n<\/form>\n<\/div>\n[\/vc_column][\/vc_row]\n","protected":false},"excerpt":{"rendered":"<p>[vc_row type=&#8221;full_width_background&#8221; full_screen_row_position=&#8221;middle&#8221; column_margin=&#8221;default&#8221; column_direction=&#8221;default&#8221; column_direction_tablet=&#8221;default&#8221; column_direction_phone=&#8221;default&#8221; bg_color=&#8221;#153941&#8243; scene_position=&#8221;center&#8221; top_padding=&#8221;14%&#8221; bottom_padding=&#8221;10%&#8221; top_padding_tablet=&#8221;100&#8243; constrain_group_3=&#8221;yes&#8221; bottom_padding_tablet=&#8221;100&#8243; top_padding_phone=&#8221;80&#8243;&#8230;<\/p>\n","protected":false},"author":1,"featured_media":0,"parent":0,"menu_order":7,"comment_status":"closed","ping_status":"closed","template":"","meta":{"footnotes":""},"class_list":["post-41","page","type-page","status-publish"],"yoast_head":"<!-- This site is optimized with the Yoast SEO plugin v27.4 - https:\/\/yoast.com\/product\/yoast-seo-wordpress\/ -->\n<title>Contact - Pro Torpedo<\/title>\n<meta name=\"robots\" content=\"index, follow, max-snippet:-1, max-image-preview:large, max-video-preview:-1\" \/>\n<link rel=\"canonical\" href=\"https:\/\/protorpedo-rijeka.hr\/kontakt\/\" \/>\n<meta property=\"og:locale\" content=\"en_US\" \/>\n<meta property=\"og:type\" content=\"article\" \/>\n<meta property=\"og:title\" content=\"[:hr]Kontakt[:en]Contact[:] - Pro Torpedo\" \/>\n<meta property=\"og:description\" content=\"[vc_row type=&#8221;full_width_background&#8221; full_screen_row_position=&#8221;middle&#8221; column_margin=&#8221;default&#8221; column_direction=&#8221;default&#8221; column_direction_tablet=&#8221;default&#8221; column_direction_phone=&#8221;default&#8221; bg_color=&#8221;#153941&#8243; scene_position=&#8221;center&#8221; top_padding=&#8221;14%&#8221; bottom_padding=&#8221;10%&#8221; top_padding_tablet=&#8221;100&#8243; constrain_group_3=&#8221;yes&#8221; bottom_padding_tablet=&#8221;100&#8243; top_padding_phone=&#8221;80&#8243;...\" \/>\n<meta property=\"og:url\" content=\"https:\/\/protorpedo-rijeka.hr\/kontakt\/\" \/>\n<meta property=\"og:site_name\" content=\"Pro Torpedo\" \/>\n<meta property=\"article:modified_time\" content=\"2023-02-28T12:12:20+00:00\" \/>\n<meta name=\"twitter:card\" content=\"summary_large_image\" \/>\n<meta name=\"twitter:label1\" content=\"Est. reading time\" \/>\n\t<meta name=\"twitter:data1\" content=\"1 minute\" \/>\n<script type=\"application\/ld+json\" class=\"yoast-schema-graph\">{\"@context\":\"https:\\\/\\\/schema.org\",\"@graph\":[{\"@type\":\"WebPage\",\"@id\":\"https:\\\/\\\/protorpedo-rijeka.hr\\\/kontakt\\\/\",\"url\":\"https:\\\/\\\/protorpedo-rijeka.hr\\\/kontakt\\\/\",\"name\":\"[:hr]Kontakt[:en]Contact[:] - Pro Torpedo\",\"isPartOf\":{\"@id\":\"https:\\\/\\\/protorpedo-rijeka.hr\\\/#website\"},\"datePublished\":\"2015-11-09T11:10:02+00:00\",\"dateModified\":\"2023-02-28T12:12:20+00:00\",\"breadcrumb\":{\"@id\":\"https:\\\/\\\/protorpedo-rijeka.hr\\\/kontakt\\\/#breadcrumb\"},\"inLanguage\":\"en-US\",\"potentialAction\":[{\"@type\":\"ReadAction\",\"target\":[\"https:\\\/\\\/protorpedo-rijeka.hr\\\/kontakt\\\/\"]}]},{\"@type\":\"BreadcrumbList\",\"@id\":\"https:\\\/\\\/protorpedo-rijeka.hr\\\/kontakt\\\/#breadcrumb\",\"itemListElement\":[{\"@type\":\"ListItem\",\"position\":1,\"name\":\"Home\",\"item\":\"https:\\\/\\\/protorpedo-rijeka.hr\\\/\"},{\"@type\":\"ListItem\",\"position\":2,\"name\":\"[:hr]Kontakt[:en]Contact[:]\"}]},{\"@type\":\"WebSite\",\"@id\":\"https:\\\/\\\/protorpedo-rijeka.hr\\\/#website\",\"url\":\"https:\\\/\\\/protorpedo-rijeka.hr\\\/\",\"name\":\"Pro Torpedo\",\"description\":\"Udruga za za\u0161titu i promociju rije\u010dke industrijske ba\u0161tine\",\"publisher\":{\"@id\":\"https:\\\/\\\/protorpedo-rijeka.hr\\\/#organization\"},\"potentialAction\":[{\"@type\":\"SearchAction\",\"target\":{\"@type\":\"EntryPoint\",\"urlTemplate\":\"https:\\\/\\\/protorpedo-rijeka.hr\\\/?s={search_term_string}\"},\"query-input\":{\"@type\":\"PropertyValueSpecification\",\"valueRequired\":true,\"valueName\":\"search_term_string\"}}],\"inLanguage\":\"en-US\"},{\"@type\":\"Organization\",\"@id\":\"https:\\\/\\\/protorpedo-rijeka.hr\\\/#organization\",\"name\":\"Pro Torpedo\",\"url\":\"https:\\\/\\\/protorpedo-rijeka.hr\\\/\",\"logo\":{\"@type\":\"ImageObject\",\"inLanguage\":\"en-US\",\"@id\":\"https:\\\/\\\/protorpedo-rijeka.hr\\\/#\\\/schema\\\/logo\\\/image\\\/\",\"url\":\"https:\\\/\\\/protorpedo-rijeka.hr\\\/wp-content\\\/uploads\\\/2023\\\/01\\\/Pro-Torpedo-logo-v5-4@2x.png\",\"contentUrl\":\"https:\\\/\\\/protorpedo-rijeka.hr\\\/wp-content\\\/uploads\\\/2023\\\/01\\\/Pro-Torpedo-logo-v5-4@2x.png\",\"width\":783,\"height\":181,\"caption\":\"Pro Torpedo\"},\"image\":{\"@id\":\"https:\\\/\\\/protorpedo-rijeka.hr\\\/#\\\/schema\\\/logo\\\/image\\\/\"}}]}<\/script>\n<!-- \/ Yoast SEO plugin. -->","yoast_head_json":{"title":"[:hr]Kontakt[:en]Contact[:] - Pro Torpedo","robots":{"index":"index","follow":"follow","max-snippet":"max-snippet:-1","max-image-preview":"max-image-preview:large","max-video-preview":"max-video-preview:-1"},"canonical":"https:\/\/protorpedo-rijeka.hr\/kontakt\/","og_locale":"en_US","og_type":"article","og_title":"[:hr]Kontakt[:en]Contact[:] - Pro Torpedo","og_description":"[vc_row type=&#8221;full_width_background&#8221; full_screen_row_position=&#8221;middle&#8221; column_margin=&#8221;default&#8221; column_direction=&#8221;default&#8221; column_direction_tablet=&#8221;default&#8221; column_direction_phone=&#8221;default&#8221; bg_color=&#8221;#153941&#8243; scene_position=&#8221;center&#8221; top_padding=&#8221;14%&#8221; bottom_padding=&#8221;10%&#8221; top_padding_tablet=&#8221;100&#8243; constrain_group_3=&#8221;yes&#8221; bottom_padding_tablet=&#8221;100&#8243; top_padding_phone=&#8221;80&#8243;...","og_url":"https:\/\/protorpedo-rijeka.hr\/kontakt\/","og_site_name":"Pro Torpedo","article_modified_time":"2023-02-28T12:12:20+00:00","twitter_card":"summary_large_image","twitter_misc":{"Est. reading time":"1 minute"},"schema":{"@context":"https:\/\/schema.org","@graph":[{"@type":"WebPage","@id":"https:\/\/protorpedo-rijeka.hr\/kontakt\/","url":"https:\/\/protorpedo-rijeka.hr\/kontakt\/","name":"[:hr]Kontakt[:en]Contact[:] - Pro Torpedo","isPartOf":{"@id":"https:\/\/protorpedo-rijeka.hr\/#website"},"datePublished":"2015-11-09T11:10:02+00:00","dateModified":"2023-02-28T12:12:20+00:00","breadcrumb":{"@id":"https:\/\/protorpedo-rijeka.hr\/kontakt\/#breadcrumb"},"inLanguage":"en-US","potentialAction":[{"@type":"ReadAction","target":["https:\/\/protorpedo-rijeka.hr\/kontakt\/"]}]},{"@type":"BreadcrumbList","@id":"https:\/\/protorpedo-rijeka.hr\/kontakt\/#breadcrumb","itemListElement":[{"@type":"ListItem","position":1,"name":"Home","item":"https:\/\/protorpedo-rijeka.hr\/"},{"@type":"ListItem","position":2,"name":"[:hr]Kontakt[:en]Contact[:]"}]},{"@type":"WebSite","@id":"https:\/\/protorpedo-rijeka.hr\/#website","url":"https:\/\/protorpedo-rijeka.hr\/","name":"Pro Torpedo","description":"Udruga za za\u0161titu i promociju rije\u010dke industrijske ba\u0161tine","publisher":{"@id":"https:\/\/protorpedo-rijeka.hr\/#organization"},"potentialAction":[{"@type":"SearchAction","target":{"@type":"EntryPoint","urlTemplate":"https:\/\/protorpedo-rijeka.hr\/?s={search_term_string}"},"query-input":{"@type":"PropertyValueSpecification","valueRequired":true,"valueName":"search_term_string"}}],"inLanguage":"en-US"},{"@type":"Organization","@id":"https:\/\/protorpedo-rijeka.hr\/#organization","name":"Pro Torpedo","url":"https:\/\/protorpedo-rijeka.hr\/","logo":{"@type":"ImageObject","inLanguage":"en-US","@id":"https:\/\/protorpedo-rijeka.hr\/#\/schema\/logo\/image\/","url":"https:\/\/protorpedo-rijeka.hr\/wp-content\/uploads\/2023\/01\/Pro-Torpedo-logo-v5-4@2x.png","contentUrl":"https:\/\/protorpedo-rijeka.hr\/wp-content\/uploads\/2023\/01\/Pro-Torpedo-logo-v5-4@2x.png","width":783,"height":181,"caption":"Pro Torpedo"},"image":{"@id":"https:\/\/protorpedo-rijeka.hr\/#\/schema\/logo\/image\/"}}]}},"_links":{"self":[{"href":"https:\/\/protorpedo-rijeka.hr\/en\/wp-json\/wp\/v2\/pages\/41","targetHints":{"allow":["GET"]}}],"collection":[{"href":"https:\/\/protorpedo-rijeka.hr\/en\/wp-json\/wp\/v2\/pages"}],"about":[{"href":"https:\/\/protorpedo-rijeka.hr\/en\/wp-json\/wp\/v2\/types\/page"}],"author":[{"embeddable":true,"href":"https:\/\/protorpedo-rijeka.hr\/en\/wp-json\/wp\/v2\/users\/1"}],"replies":[{"embeddable":true,"href":"https:\/\/protorpedo-rijeka.hr\/en\/wp-json\/wp\/v2\/comments?post=41"}],"version-history":[{"count":1,"href":"https:\/\/protorpedo-rijeka.hr\/en\/wp-json\/wp\/v2\/pages\/41\/revisions"}],"predecessor-version":[{"id":837,"href":"https:\/\/protorpedo-rijeka.hr\/en\/wp-json\/wp\/v2\/pages\/41\/revisions\/837"}],"wp:attachment":[{"href":"https:\/\/protorpedo-rijeka.hr\/en\/wp-json\/wp\/v2\/media?parent=41"}],"curies":[{"name":"wp","href":"https:\/\/api.w.org\/{rel}","templated":true}]}}