{"id":546,"date":"2023-01-06T20:56:37","date_gmt":"2023-01-06T20:56:37","guid":{"rendered":"https:\/\/protorpedo-rijeka.hr\/?page_id=546"},"modified":"2023-05-12T12:03:59","modified_gmt":"2023-05-12T12:03:59","slug":"pocetna","status":"publish","type":"page","link":"https:\/\/protorpedo-rijeka.hr\/en\/","title":{"rendered":"Home"},"content":{"rendered":"[vc_row type=&#8221;full_width_background&#8221; full_screen_row_position=&#8221;middle&#8221; column_margin=&#8221;default&#8221; column_direction=&#8221;default&#8221; column_direction_tablet=&#8221;default&#8221; column_direction_phone=&#8221;default&#8221; bg_image=&#8221;619&#8243; bg_position=&#8221;center top&#8221; background_image_loading=&#8221;default&#8221; bg_repeat=&#8221;no-repeat&#8221; scene_position=&#8221;center&#8221; top_padding=&#8221;14%&#8221; bottom_padding=&#8221;20%&#8221; top_padding_tablet=&#8221;100&#8243; bottom_padding_tablet=&#8221;200&#8243; top_padding_phone=&#8221;80&#8243; bottom_padding_phone=&#8221;160&#8243; text_color=&#8221;light&#8221; text_align=&#8221;center&#8221; row_border_radius=&#8221;none&#8221; row_border_radius_applies=&#8221;bg&#8221; overflow=&#8221;visible&#8221; enable_gradient=&#8221;true&#8221; color_overlay=&#8221;rgba(17,19,24,0.29)&#8221; color_overlay_2=&#8221;#111318&#8243; overlay_strength=&#8221;1&#8243; gradient_direction=&#8221;top_to_bottom&#8221; shape_divider_position=&#8221;bottom&#8221; bg_image_animation=&#8221;none&#8221; gradient_type=&#8221;default&#8221; shape_type=&#8221;&#8221;][vc_column column_padding=&#8221;no-extra-padding&#8221; column_padding_tablet=&#8221;inherit&#8221; column_padding_phone=&#8221;inherit&#8221; column_padding_position=&#8221;all&#8221; column_element_direction_desktop=&#8221;default&#8221; column_element_spacing=&#8221;default&#8221; desktop_text_alignment=&#8221;default&#8221; tablet_text_alignment=&#8221;default&#8221; phone_text_alignment=&#8221;default&#8221; background_color_opacity=&#8221;1&#8243; background_hover_color_opacity=&#8221;1&#8243; column_backdrop_filter=&#8221;none&#8221; column_shadow=&#8221;none&#8221; column_border_radius=&#8221;none&#8221; column_link_target=&#8221;_self&#8221; column_position=&#8221;default&#8221; gradient_direction=&#8221;left_to_right&#8221; overlay_strength=&#8221;0.3&#8243; width=&#8221;1\/6&#8243; tablet_width_inherit=&#8221;default&#8221; animation_type=&#8221;default&#8221; bg_image_animation=&#8221;none&#8221; border_type=&#8221;simple&#8221; column_border_width=&#8221;none&#8221; column_border_style=&#8221;solid&#8221;][\/vc_column][vc_column column_padding=&#8221;no-extra-padding&#8221; column_padding_tablet=&#8221;inherit&#8221; column_padding_phone=&#8221;inherit&#8221; column_padding_position=&#8221;all&#8221; column_element_direction_desktop=&#8221;default&#8221; column_element_spacing=&#8221;default&#8221; desktop_text_alignment=&#8221;default&#8221; tablet_text_alignment=&#8221;default&#8221; phone_text_alignment=&#8221;default&#8221; background_color_opacity=&#8221;1&#8243; background_hover_color_opacity=&#8221;1&#8243; column_backdrop_filter=&#8221;none&#8221; column_shadow=&#8221;none&#8221; column_border_radius=&#8221;none&#8221; column_link_target=&#8221;_self&#8221; column_position=&#8221;default&#8221; gradient_direction=&#8221;left_to_right&#8221; overlay_strength=&#8221;0.3&#8243; width=&#8221;2\/3&#8243; tablet_width_inherit=&#8221;default&#8221; animation_type=&#8221;default&#8221; bg_image_animation=&#8221;none&#8221; border_type=&#8221;simple&#8221; column_border_width=&#8221;none&#8221; column_border_style=&#8221;solid&#8221;][vc_custom_heading text=&#8221;Pro Torpedo&#8221; font_container=&#8221;tag:h1|font_size:6vw|text_align:center|color:%23eeefef&#8221; use_theme_fonts=&#8221;yes&#8221; css_animation=&#8221;slideInDown&#8221;][divider line_type=&#8221;No Line&#8221; divider_opacity=&#8221;85&#8243; custom_height=&#8221;24&#8243;][divider line_type=&#8221;Small Line&#8221; line_alignment=&#8221;center&#8221; line_thickness=&#8221;4&#8243; divider_color=&#8221;extra-color-2&#8243; divider_opacity=&#8221;85&#8243; animate=&#8221;yes&#8221; custom_height=&#8221;24&#8243;][vc_custom_heading text=&#8221;Association for the Protection and Promotion of Rijeka&#8217;s Industrial Heritage&#8221; font_container=&#8221;tag:h3|text_align:center|color:%23eeefef&#8221; use_theme_fonts=&#8221;yes&#8221; css_animation=&#8221;fadeIn&#8221;][\/vc_column][vc_column column_padding=&#8221;no-extra-padding&#8221; column_padding_tablet=&#8221;inherit&#8221; column_padding_phone=&#8221;inherit&#8221; column_padding_position=&#8221;all&#8221; column_element_direction_desktop=&#8221;default&#8221; column_element_spacing=&#8221;default&#8221; desktop_text_alignment=&#8221;default&#8221; tablet_text_alignment=&#8221;default&#8221; phone_text_alignment=&#8221;default&#8221; background_color_opacity=&#8221;1&#8243; background_hover_color_opacity=&#8221;1&#8243; column_backdrop_filter=&#8221;none&#8221; column_shadow=&#8221;none&#8221; column_border_radius=&#8221;none&#8221; column_link_target=&#8221;_self&#8221; column_position=&#8221;default&#8221; gradient_direction=&#8221;left_to_right&#8221; overlay_strength=&#8221;0.3&#8243; width=&#8221;1\/6&#8243; tablet_width_inherit=&#8221;default&#8221; animation_type=&#8221;default&#8221; bg_image_animation=&#8221;none&#8221; border_type=&#8221;simple&#8221; column_border_width=&#8221;none&#8221; column_border_style=&#8221;solid&#8221;][\/vc_column][\/vc_row][vc_row type=&#8221;full_width_background&#8221; full_screen_row_position=&#8221;middle&#8221; column_margin=&#8221;default&#8221; column_direction=&#8221;default&#8221; column_direction_tablet=&#8221;default&#8221; column_direction_phone=&#8221;default&#8221; bg_color=&#8221;#153941&#8243; scene_position=&#8221;center&#8221; top_padding=&#8221;0&#8243; bottom_padding=&#8221;6%&#8221; top_padding_tablet=&#8221;0&#8243; bottom_padding_tablet=&#8221;100&#8243; top_padding_phone=&#8221;0&#8243; bottom_padding_phone=&#8221;80&#8243; text_color=&#8221;dark&#8221; text_align=&#8221;left&#8221; row_border_radius=&#8221;none&#8221; row_border_radius_applies=&#8221;bg&#8221; overflow=&#8221;visible&#8221; overlay_strength=&#8221;1&#8243; gradient_direction=&#8221;left_to_right&#8221; shape_divider_color=&#8221;#666a73&#8243; shape_divider_position=&#8221;bottom&#8221; shape_divider_height=&#8221;20&#8243; shape_divider_bring_to_front=&#8221;true&#8221; bg_image_animation=&#8221;none&#8221; gradient_type=&#8221;default&#8221; shape_type=&#8221;straight_section&#8221;][vc_column column_padding=&#8221;no-extra-padding&#8221; column_padding_tablet=&#8221;inherit&#8221; column_padding_phone=&#8221;inherit&#8221; column_padding_position=&#8221;all&#8221; top_margin=&#8221;-16%&#8221; top_margin_tablet=&#8221;-100&#8243; top_margin_phone=&#8221;-80&#8243; column_element_direction_desktop=&#8221;default&#8221; column_element_spacing=&#8221;default&#8221; desktop_text_alignment=&#8221;default&#8221; tablet_text_alignment=&#8221;default&#8221; phone_text_alignment=&#8221;default&#8221; background_color_opacity=&#8221;1&#8243; background_hover_color_opacity=&#8221;1&#8243; column_backdrop_filter=&#8221;none&#8221; column_shadow=&#8221;none&#8221; column_border_radius=&#8221;none&#8221; column_link_target=&#8221;_self&#8221; column_position=&#8221;default&#8221; gradient_direction=&#8221;left_to_right&#8221; overlay_strength=&#8221;0.3&#8243; width=&#8221;1\/1&#8243; tablet_width_inherit=&#8221;default&#8221; animation_type=&#8221;default&#8221; bg_image_animation=&#8221;none&#8221; border_type=&#8221;simple&#8221; column_border_width=&#8221;none&#8221; column_border_style=&#8221;solid&#8221; column_padding_type=&#8221;default&#8221; gradient_type=&#8221;default&#8221;][vc_row_inner column_margin=&#8221;default&#8221; column_direction=&#8221;default&#8221; column_direction_tablet=&#8221;default&#8221; column_direction_phone=&#8221;default&#8221; text_align=&#8221;left&#8221; row_position=&#8221;default&#8221; row_position_tablet=&#8221;inherit&#8221; row_position_phone=&#8221;inherit&#8221; overflow=&#8221;visible&#8221; pointer_events=&#8221;all&#8221;][vc_column_inner column_padding=&#8221;no-extra-padding&#8221; column_padding_tablet=&#8221;inherit&#8221; column_padding_phone=&#8221;inherit&#8221; column_padding_position=&#8221;all&#8221; column_element_direction_desktop=&#8221;default&#8221; column_element_spacing=&#8221;default&#8221; desktop_text_alignment=&#8221;default&#8221; tablet_text_alignment=&#8221;default&#8221; phone_text_alignment=&#8221;default&#8221; background_color_opacity=&#8221;1&#8243; background_hover_color_opacity=&#8221;1&#8243; column_backdrop_filter=&#8221;none&#8221; column_shadow=&#8221;none&#8221; column_border_radius=&#8221;none&#8221; column_link_target=&#8221;_self&#8221; overflow=&#8221;visible&#8221; gradient_direction=&#8221;left_to_right&#8221; overlay_strength=&#8221;0.3&#8243; width=&#8221;1\/1&#8243; tablet_width_inherit=&#8221;default&#8221; animation_type=&#8221;default&#8221; bg_image_animation=&#8221;none&#8221; border_type=&#8221;simple&#8221; column_border_width=&#8221;none&#8221; column_border_style=&#8221;solid&#8221;][vc_custom_heading text=&#8221;News&#8221; font_container=&#8221;tag:h1|text_align:center|color:%23eeefef&#8221; use_theme_fonts=&#8221;yes&#8221;][\/vc_column_inner][\/vc_row_inner][nectar_post_grid post_type=&#8221;post&#8221; blog_category=&#8221;news&#8221; order=&#8221;DESC&#8221; orderby=&#8221;date&#8221; pagination=&#8221;load-more&#8221; button_color=&#8221;extra-color-gradient-1&#8243; columns=&#8221;4&#8243; grid_item_spacing=&#8221;10px&#8221; grid_item_height=&#8221;40vh&#8221; image_size=&#8221;medium&#8221; image_loading=&#8221;default&#8221; animation=&#8221;none&#8221; heading_tag=&#8221;h4&#8243; category_position=&#8221;default&#8221; display_date=&#8221;yes&#8221; grid_style=&#8221;content_overlaid&#8221; text_content_layout=&#8221;all_middle&#8221; color_overlay=&#8221;#eaebeb&#8221; color_overlay_opacity=&#8221;0.9&#8243; color_overlay_hover_opacity=&#8221;0.6&#8243; text_color=&#8221;dark&#8221; text_color_hover=&#8221;dark&#8221; text_opacity=&#8221;1&#8243; text_hover_opacity=&#8221;1&#8243; hover_effect=&#8221;animated_underline_zoom&#8221; border_radius=&#8221;3px&#8221; shadow_on_hover=&#8221;yes&#8221; posts_per_page=&#8221;8&#8243; custom_font_size=&#8221;24&#8243;][\/vc_column][\/vc_row][vc_row type=&#8221;full_width_background&#8221; full_screen_row_position=&#8221;middle&#8221; column_margin=&#8221;default&#8221; column_direction=&#8221;default&#8221; column_direction_tablet=&#8221;default&#8221; column_direction_phone=&#8221;default&#8221; bg_color=&#8221;#bab6b4&#8243; bg_image=&#8221;641&#8243; bg_position=&#8221;left top&#8221; background_image_loading=&#8221;default&#8221; bg_repeat=&#8221;no-repeat&#8221; scene_position=&#8221;center&#8221; top_padding=&#8221;6%&#8221; constrain_group_1=&#8221;yes&#8221; bottom_padding=&#8221;6%&#8221; top_padding_tablet=&#8221;100&#8243; constrain_group_3=&#8221;yes&#8221; bottom_padding_tablet=&#8221;100&#8243; top_padding_phone=&#8221;80&#8243; constrain_group_5=&#8221;yes&#8221; bottom_padding_phone=&#8221;80&#8243; text_color=&#8221;light&#8221; text_align=&#8221;left&#8221; row_border_radius=&#8221;none&#8221; row_border_radius_applies=&#8221;bg&#8221; overflow=&#8221;visible&#8221; color_overlay=&#8221;#111318&#8243; overlay_strength=&#8221;0.95&#8243; gradient_direction=&#8221;left_to_right&#8221; shape_divider_position=&#8221;bottom&#8221; bg_image_animation=&#8221;none&#8221; gradient_type=&#8221;default&#8221; shape_type=&#8221;&#8221;][vc_column column_padding=&#8221;no-extra-padding&#8221; column_padding_tablet=&#8221;inherit&#8221; column_padding_phone=&#8221;inherit&#8221; column_padding_position=&#8221;all&#8221; column_element_direction_desktop=&#8221;default&#8221; column_element_spacing=&#8221;default&#8221; desktop_text_alignment=&#8221;default&#8221; tablet_text_alignment=&#8221;default&#8221; phone_text_alignment=&#8221;default&#8221; background_color_opacity=&#8221;1&#8243; background_hover_color_opacity=&#8221;1&#8243; column_backdrop_filter=&#8221;none&#8221; column_shadow=&#8221;none&#8221; column_border_radius=&#8221;none&#8221; column_link_target=&#8221;_self&#8221; column_position=&#8221;default&#8221; gradient_direction=&#8221;left_to_right&#8221; overlay_strength=&#8221;0.3&#8243; width=&#8221;1\/3&#8243; tablet_width_inherit=&#8221;default&#8221; animation_type=&#8221;default&#8221; bg_image_animation=&#8221;none&#8221; border_type=&#8221;simple&#8221; column_border_width=&#8221;none&#8221; column_border_style=&#8221;solid&#8221;][vc_custom_heading text=&#8221;Pro Torpedo Conferences&#8221; font_container=&#8221;tag:h2|text_align:left|color:%23eeefef&#8221; use_theme_fonts=&#8221;yes&#8221;][\/vc_column][vc_column column_padding=&#8221;no-extra-padding&#8221; column_padding_tablet=&#8221;inherit&#8221; column_padding_phone=&#8221;inherit&#8221; column_padding_position=&#8221;all&#8221; column_element_direction_desktop=&#8221;default&#8221; column_element_spacing=&#8221;default&#8221; desktop_text_alignment=&#8221;default&#8221; tablet_text_alignment=&#8221;default&#8221; phone_text_alignment=&#8221;default&#8221; background_color_opacity=&#8221;1&#8243; background_hover_color_opacity=&#8221;1&#8243; column_backdrop_filter=&#8221;none&#8221; column_shadow=&#8221;none&#8221; column_border_radius=&#8221;none&#8221; column_link_target=&#8221;_self&#8221; column_position=&#8221;default&#8221; gradient_direction=&#8221;left_to_right&#8221; overlay_strength=&#8221;0.3&#8243; width=&#8221;2\/3&#8243; tablet_width_inherit=&#8221;default&#8221; animation_type=&#8221;default&#8221; bg_image_animation=&#8221;none&#8221; border_type=&#8221;simple&#8221; column_border_width=&#8221;none&#8221; column_border_style=&#8221;solid&#8221;][nectar_post_grid post_type=&#8221;post&#8221; blog_category=&#8221;conferences&#8221; order=&#8221;DESC&#8221; orderby=&#8221;date&#8221; pagination=&#8221;load-more&#8221; button_color=&#8221;accent-color&#8221; grid_item_spacing=&#8221;25px&#8221; image_size=&#8221;large&#8221; image_loading=&#8221;default&#8221; animation=&#8221;none&#8221; heading_tag=&#8221;h4&#8243; display_excerpt=&#8221;yes&#8221; grid_style=&#8221;vertical_list&#8221; vertical_list_hover_effect=&#8221;bg_color_change&#8221; vertical_list_bg_color_hover=&#8221;#153941&#8243; vertical_list_text_color_hover=&#8221;#eaebeb&#8221; vertical_list_border_color=&#8221;#bab6b4&#8243; text_color=&#8221;light&#8221; vertical_list_custom_text_color=&#8221;#eaebeb&#8221; posts_per_page=&#8221;4&#8243;][\/vc_column][\/vc_row]","protected":false},"excerpt":{"rendered":"<p>[vc_row type=&#8221;full_width_background&#8221; full_screen_row_position=&#8221;middle&#8221; column_margin=&#8221;default&#8221; column_direction=&#8221;default&#8221; column_direction_tablet=&#8221;default&#8221; column_direction_phone=&#8221;default&#8221; bg_image=&#8221;619&#8243; bg_position=&#8221;center top&#8221; background_image_loading=&#8221;default&#8221; bg_repeat=&#8221;no-repeat&#8221; scene_position=&#8221;center&#8221; top_padding=&#8221;14%&#8221; bottom_padding=&#8221;20%&#8221;&#8230;<\/p>\n","protected":false},"author":1,"featured_media":0,"parent":0,"menu_order":1,"comment_status":"closed","ping_status":"closed","template":"","meta":{"footnotes":""},"class_list":["post-546","page","type-page","status-publish"],"yoast_head":"<!-- This site is optimized with the Yoast SEO plugin v27.4 - https:\/\/yoast.com\/product\/yoast-seo-wordpress\/ -->\n<title>Home - Pro Torpedo<\/title>\n<meta name=\"robots\" content=\"index, follow, max-snippet:-1, max-image-preview:large, max-video-preview:-1\" \/>\n<link rel=\"canonical\" href=\"https:\/\/protorpedo-rijeka.hr\/\" \/>\n<meta property=\"og:locale\" content=\"en_US\" \/>\n<meta property=\"og:type\" content=\"article\" \/>\n<meta property=\"og:title\" content=\"[:hr]Po\u010detna[:en]Home[:] - Pro Torpedo\" \/>\n<meta property=\"og:description\" content=\"[vc_row type=&#8221;full_width_background&#8221; full_screen_row_position=&#8221;middle&#8221; column_margin=&#8221;default&#8221; column_direction=&#8221;default&#8221; column_direction_tablet=&#8221;default&#8221; column_direction_phone=&#8221;default&#8221; bg_image=&#8221;619&#8243; bg_position=&#8221;center top&#8221; background_image_loading=&#8221;default&#8221; bg_repeat=&#8221;no-repeat&#8221; scene_position=&#8221;center&#8221; top_padding=&#8221;14%&#8221; bottom_padding=&#8221;20%&#8221;...\" \/>\n<meta property=\"og:url\" content=\"https:\/\/protorpedo-rijeka.hr\/\" \/>\n<meta property=\"og:site_name\" content=\"Pro Torpedo\" \/>\n<meta property=\"article:modified_time\" content=\"2023-05-12T12:03:59+00:00\" \/>\n<meta name=\"twitter:card\" content=\"summary_large_image\" \/>\n<meta name=\"twitter:label1\" content=\"Est. reading time\" \/>\n\t<meta name=\"twitter:data1\" content=\"3 minutes\" \/>\n<script type=\"application\/ld+json\" class=\"yoast-schema-graph\">{\"@context\":\"https:\\\/\\\/schema.org\",\"@graph\":[{\"@type\":\"WebPage\",\"@id\":\"https:\\\/\\\/protorpedo-rijeka.hr\\\/\",\"url\":\"https:\\\/\\\/protorpedo-rijeka.hr\\\/\",\"name\":\"[:hr]Po\u010detna[:en]Home[:] - Pro Torpedo\",\"isPartOf\":{\"@id\":\"https:\\\/\\\/protorpedo-rijeka.hr\\\/#website\"},\"datePublished\":\"2023-01-06T20:56:37+00:00\",\"dateModified\":\"2023-05-12T12:03:59+00:00\",\"breadcrumb\":{\"@id\":\"https:\\\/\\\/protorpedo-rijeka.hr\\\/#breadcrumb\"},\"inLanguage\":\"en-US\",\"potentialAction\":[{\"@type\":\"ReadAction\",\"target\":[\"https:\\\/\\\/protorpedo-rijeka.hr\\\/\"]}]},{\"@type\":\"BreadcrumbList\",\"@id\":\"https:\\\/\\\/protorpedo-rijeka.hr\\\/#breadcrumb\",\"itemListElement\":[{\"@type\":\"ListItem\",\"position\":1,\"name\":\"Home\",\"item\":\"https:\\\/\\\/protorpedo-rijeka.hr\\\/\"},{\"@type\":\"ListItem\",\"position\":2,\"name\":\"Po\u010detna\"}]},{\"@type\":\"WebSite\",\"@id\":\"https:\\\/\\\/protorpedo-rijeka.hr\\\/#website\",\"url\":\"https:\\\/\\\/protorpedo-rijeka.hr\\\/\",\"name\":\"Pro Torpedo\",\"description\":\"Udruga za za\u0161titu i promociju rije\u010dke industrijske ba\u0161tine\",\"publisher\":{\"@id\":\"https:\\\/\\\/protorpedo-rijeka.hr\\\/#organization\"},\"potentialAction\":[{\"@type\":\"SearchAction\",\"target\":{\"@type\":\"EntryPoint\",\"urlTemplate\":\"https:\\\/\\\/protorpedo-rijeka.hr\\\/?s={search_term_string}\"},\"query-input\":{\"@type\":\"PropertyValueSpecification\",\"valueRequired\":true,\"valueName\":\"search_term_string\"}}],\"inLanguage\":\"en-US\"},{\"@type\":\"Organization\",\"@id\":\"https:\\\/\\\/protorpedo-rijeka.hr\\\/#organization\",\"name\":\"Pro Torpedo\",\"url\":\"https:\\\/\\\/protorpedo-rijeka.hr\\\/\",\"logo\":{\"@type\":\"ImageObject\",\"inLanguage\":\"en-US\",\"@id\":\"https:\\\/\\\/protorpedo-rijeka.hr\\\/#\\\/schema\\\/logo\\\/image\\\/\",\"url\":\"https:\\\/\\\/protorpedo-rijeka.hr\\\/wp-content\\\/uploads\\\/2023\\\/01\\\/Pro-Torpedo-logo-v5-4@2x.png\",\"contentUrl\":\"https:\\\/\\\/protorpedo-rijeka.hr\\\/wp-content\\\/uploads\\\/2023\\\/01\\\/Pro-Torpedo-logo-v5-4@2x.png\",\"width\":783,\"height\":181,\"caption\":\"Pro Torpedo\"},\"image\":{\"@id\":\"https:\\\/\\\/protorpedo-rijeka.hr\\\/#\\\/schema\\\/logo\\\/image\\\/\"}}]}<\/script>\n<!-- \/ Yoast SEO plugin. -->","yoast_head_json":{"title":"[:hr]Po\u010detna[:en]Home[:] - Pro Torpedo","robots":{"index":"index","follow":"follow","max-snippet":"max-snippet:-1","max-image-preview":"max-image-preview:large","max-video-preview":"max-video-preview:-1"},"canonical":"https:\/\/protorpedo-rijeka.hr\/","og_locale":"en_US","og_type":"article","og_title":"[:hr]Po\u010detna[:en]Home[:] - Pro Torpedo","og_description":"[vc_row type=&#8221;full_width_background&#8221; full_screen_row_position=&#8221;middle&#8221; column_margin=&#8221;default&#8221; column_direction=&#8221;default&#8221; column_direction_tablet=&#8221;default&#8221; column_direction_phone=&#8221;default&#8221; bg_image=&#8221;619&#8243; bg_position=&#8221;center top&#8221; background_image_loading=&#8221;default&#8221; bg_repeat=&#8221;no-repeat&#8221; scene_position=&#8221;center&#8221; top_padding=&#8221;14%&#8221; bottom_padding=&#8221;20%&#8221;...","og_url":"https:\/\/protorpedo-rijeka.hr\/","og_site_name":"Pro Torpedo","article_modified_time":"2023-05-12T12:03:59+00:00","twitter_card":"summary_large_image","twitter_misc":{"Est. reading time":"3 minutes"},"schema":{"@context":"https:\/\/schema.org","@graph":[{"@type":"WebPage","@id":"https:\/\/protorpedo-rijeka.hr\/","url":"https:\/\/protorpedo-rijeka.hr\/","name":"[:hr]Po\u010detna[:en]Home[:] - Pro Torpedo","isPartOf":{"@id":"https:\/\/protorpedo-rijeka.hr\/#website"},"datePublished":"2023-01-06T20:56:37+00:00","dateModified":"2023-05-12T12:03:59+00:00","breadcrumb":{"@id":"https:\/\/protorpedo-rijeka.hr\/#breadcrumb"},"inLanguage":"en-US","potentialAction":[{"@type":"ReadAction","target":["https:\/\/protorpedo-rijeka.hr\/"]}]},{"@type":"BreadcrumbList","@id":"https:\/\/protorpedo-rijeka.hr\/#breadcrumb","itemListElement":[{"@type":"ListItem","position":1,"name":"Home","item":"https:\/\/protorpedo-rijeka.hr\/"},{"@type":"ListItem","position":2,"name":"Po\u010detna"}]},{"@type":"WebSite","@id":"https:\/\/protorpedo-rijeka.hr\/#website","url":"https:\/\/protorpedo-rijeka.hr\/","name":"Pro Torpedo","description":"Udruga za za\u0161titu i promociju rije\u010dke industrijske ba\u0161tine","publisher":{"@id":"https:\/\/protorpedo-rijeka.hr\/#organization"},"potentialAction":[{"@type":"SearchAction","target":{"@type":"EntryPoint","urlTemplate":"https:\/\/protorpedo-rijeka.hr\/?s={search_term_string}"},"query-input":{"@type":"PropertyValueSpecification","valueRequired":true,"valueName":"search_term_string"}}],"inLanguage":"en-US"},{"@type":"Organization","@id":"https:\/\/protorpedo-rijeka.hr\/#organization","name":"Pro Torpedo","url":"https:\/\/protorpedo-rijeka.hr\/","logo":{"@type":"ImageObject","inLanguage":"en-US","@id":"https:\/\/protorpedo-rijeka.hr\/#\/schema\/logo\/image\/","url":"https:\/\/protorpedo-rijeka.hr\/wp-content\/uploads\/2023\/01\/Pro-Torpedo-logo-v5-4@2x.png","contentUrl":"https:\/\/protorpedo-rijeka.hr\/wp-content\/uploads\/2023\/01\/Pro-Torpedo-logo-v5-4@2x.png","width":783,"height":181,"caption":"Pro Torpedo"},"image":{"@id":"https:\/\/protorpedo-rijeka.hr\/#\/schema\/logo\/image\/"}}]}},"_links":{"self":[{"href":"https:\/\/protorpedo-rijeka.hr\/en\/wp-json\/wp\/v2\/pages\/546","targetHints":{"allow":["GET"]}}],"collection":[{"href":"https:\/\/protorpedo-rijeka.hr\/en\/wp-json\/wp\/v2\/pages"}],"about":[{"href":"https:\/\/protorpedo-rijeka.hr\/en\/wp-json\/wp\/v2\/types\/page"}],"author":[{"embeddable":true,"href":"https:\/\/protorpedo-rijeka.hr\/en\/wp-json\/wp\/v2\/users\/1"}],"replies":[{"embeddable":true,"href":"https:\/\/protorpedo-rijeka.hr\/en\/wp-json\/wp\/v2\/comments?post=546"}],"version-history":[{"count":1,"href":"https:\/\/protorpedo-rijeka.hr\/en\/wp-json\/wp\/v2\/pages\/546\/revisions"}],"predecessor-version":[{"id":882,"href":"https:\/\/protorpedo-rijeka.hr\/en\/wp-json\/wp\/v2\/pages\/546\/revisions\/882"}],"wp:attachment":[{"href":"https:\/\/protorpedo-rijeka.hr\/en\/wp-json\/wp\/v2\/media?parent=546"}],"curies":[{"name":"wp","href":"https:\/\/api.w.org\/{rel}","templated":true}]}}